{"id":582,"date":"2021-10-25T12:34:16","date_gmt":"2021-10-25T12:34:16","guid":{"rendered":"https:\/\/luciequintal.com\/about\/"},"modified":"2023-11-07T00:13:10","modified_gmt":"2023-11-07T00:13:10","slug":"a-propos","status":"publish","type":"page","link":"https:\/\/luciequintal.com\/fr\/a-propos\/","title":{"rendered":"\u00c0 propos"},"content":{"rendered":"\n<p>Lucie Quintal est une artiste en arts textiles. Native de Montr\u00e9al, elle vit et travaille \u00e0 Point la<br>Nim, sur la c\u00f4te nord du Nouveau-Brunswick. Sa sp\u00e9cialit\u00e9 est le hookage fait main, et elle<br>poss\u00e8de une importante exp\u00e9rience pratique dans le domaine de la couture et de la<br>courtepointe. Depuis plusieurs ann\u00e9es, elle explore les caract\u00e9ristiques et particularit\u00e9s des<br>fibres utilis\u00e9es lors de la confection de ses oeuvres. Elle travaille passionn\u00e9ment dans ce<br>domaine choisi depuis plus de quarante ans.<br>Sa carri\u00e8re artistique prit un tournant d\u00e9cisif en 2015, lorsqu\u2019elle s\u2019engagea \u00e0 montrer son<br>travail par l\u2019entremise d\u2019expositions et de pr\u00e9sentations publiques de ses oeuvres. Depuis, elle<br>s\u2019est activement impliqu\u00e9e dans divers secteurs de la sc\u00e8ne artistique par l\u2019entremise de son<br>travail de studio, ainsi que par son engagement actif envers plusieurs organismes culturels<br>importants de la province.<br>L\u2019oeuvre de Lucie Quintal est souvent inspir\u00e9e par les paysages souvenirs de son enfance,<br>ainsi que par l\u2019emplacement rural o\u00f9 elle vit et travaille, entour\u00e9e de ses jardins. C\u2019est en ce<br>lieu qu\u2019elle d\u00e9couvre ses sujets de pr\u00e9dilection, soit la nature environnante et la richesse<br>v\u00e9g\u00e9tale et organique qui reviennent r\u00e9guli\u00e8rement comme th\u00e9matique lors de l\u2019expression de<br>ses id\u00e9es visuelles. Elle fait l\u2019emploi d\u2019une grande s\u00e9lection de fibres exceptionnelles lors de<br>l\u2019ex\u00e9cution de son travail, et est particuli\u00e8rement sensible aux aspects singuliers et uniques<br>des mat\u00e9riaux qu\u2019elle utilise. Ses oeuvres font preuve d\u2019originalit\u00e9, poss\u00e9dant une individualit\u00e9<br>distincte mettant en valeur sa touche artistique hautement sensible et personnalis\u00e9e.<br>Les oeuvres de Lucie Quintal font partie de plusieurs collections priv\u00e9es et publiques \u00e0 travers<br>le Canada.<\/p>\n","protected":false},"excerpt":{"rendered":"<p>Lucie Quintal est une artiste en arts textiles. Native de Montr\u00e9al, elle vit et travaille \u00e0 Point laNim, sur la c\u00f4te nord du Nouveau-Brunswick. Sa sp\u00e9cialit\u00e9 est le hookage fait main, et elleposs\u00e8de une importante exp\u00e9rience pratique dans le domaine de la couture et de lacourtepointe. Depuis plusieurs ann\u00e9es, elle explore les caract\u00e9ristiques et particularit\u00e9s [&hellip;]<\/p>\n","protected":false},"author":1,"featured_media":512,"parent":0,"menu_order":0,"comment_status":"closed","ping_status":"closed","template":"page-templates\/about-page.php","meta":{"_acf_changed":false,"footnotes":""},"class_list":["post-582","page","type-page","status-publish","has-post-thumbnail","hentry"],"acf":[],"_links":{"self":[{"href":"https:\/\/luciequintal.com\/fr\/wp-json\/wp\/v2\/pages\/582","targetHints":{"allow":["GET"]}}],"collection":[{"href":"https:\/\/luciequintal.com\/fr\/wp-json\/wp\/v2\/pages"}],"about":[{"href":"https:\/\/luciequintal.com\/fr\/wp-json\/wp\/v2\/types\/page"}],"author":[{"embeddable":true,"href":"https:\/\/luciequintal.com\/fr\/wp-json\/wp\/v2\/users\/1"}],"replies":[{"embeddable":true,"href":"https:\/\/luciequintal.com\/fr\/wp-json\/wp\/v2\/comments?post=582"}],"version-history":[{"count":8,"href":"https:\/\/luciequintal.com\/fr\/wp-json\/wp\/v2\/pages\/582\/revisions"}],"predecessor-version":[{"id":600,"href":"https:\/\/luciequintal.com\/fr\/wp-json\/wp\/v2\/pages\/582\/revisions\/600"}],"wp:featuredmedia":[{"embeddable":true,"href":"https:\/\/luciequintal.com\/fr\/wp-json\/wp\/v2\/media\/512"}],"wp:attachment":[{"href":"https:\/\/luciequintal.com\/fr\/wp-json\/wp\/v2\/media?parent=582"}],"curies":[{"name":"wp","href":"https:\/\/api.w.org\/{rel}","templated":true}]}}